{"id":2795,"date":"2019-03-27T04:03:46","date_gmt":"2019-03-27T04:03:46","guid":{"rendered":"https:\/\/yasur.com.mx\/?page_id=1110"},"modified":"2024-06-25T17:14:04","modified_gmt":"2024-06-25T17:14:04","slug":"contact","status":"publish","type":"page","link":"https:\/\/yasur.com.mx\/index.php\/contact\/","title":{"rendered":"Contact"},"content":{"rendered":"\t\t<div data-elementor-type=\"wp-post\" data-elementor-id=\"2795\" class=\"elementor elementor-2795\">\n\t\t\t\t\t\t<section class=\"elementor-section elementor-top-section elementor-element elementor-element-1ac3a89 elementor-section-stretched elementor-section-full_width elementor-section-height-default elementor-section-height-default\" data-id=\"1ac3a89\" data-element_type=\"section\" data-settings=\"{&quot;stretch_section&quot;:&quot;section-stretched&quot;}\">\n\t\t\t\t\t\t<div class=\"elementor-container elementor-column-gap-default\">\n\t\t\t\t\t<div class=\"elementor-column elementor-col-100 elementor-top-column elementor-element elementor-element-0b87575\" data-id=\"0b87575\" data-element_type=\"column\" data-settings=\"{&quot;background_background&quot;:&quot;classic&quot;}\">\n\t\t\t<div class=\"elementor-widget-wrap elementor-element-populated\">\n\t\t\t\t\t\t<div class=\"elementor-element elementor-element-46c830a elementor-widget elementor-widget-contact\" data-id=\"46c830a\" data-element_type=\"widget\" data-widget_type=\"contact.default\">\n\t\t\t\t<div class=\"elementor-widget-container\">\n\t\t\t        <!-- Contact Page Section -->\r\n        <section class=\"contact-page-section\">\r\n            <div class=\"auto-container\">\r\n                <div class=\"row clearfix\">\r\n                    <!-- Info Column -->\r\n                    <div class=\"info-column col-lg-4 col-md-12 col-sm-12\">\r\n                        <div class=\"inner-column wow fadeInLeft\" data-wow-delay=\"0ms\">\r\n                            <!-- Title Box -->\r\n                            <div class=\"title-box\">\r\n                                <h3>LLamanos !<\/h3>\r\n                                <div class=\"title-text\">Nuestro equipo de colaboradores altamente comprometidos para darle el mejor servicio.\n<\/div>\r\n                            <\/div>\r\n                            <ul class=\"contact-info-list\">\r\n\r\n                                                                        <li>\r\n                                            <span class=\"icon icon-home\"><\/span><strong>Oficina<\/strong>Queretaro , M\u00e9xico                                        <\/li>\r\n                                                                                <li>\r\n                                            <span class=\"icon icon-location-pin\"><\/span><strong>Almacen<\/strong>Queretaro , M\u00e9xico                                         <\/li>\r\n                                                                                <li>\r\n                                            <span class=\"icon icon-envelope-open\"><\/span><strong>Email<\/strong>ventas.qro@yasur.com.mx                                        <\/li>\r\n                                                                                <li>\r\n                                            <span class=\"icon icon-call-in\"><\/span><strong>Telefono<\/strong>492 202 2537<br>\n442 128 4688\n                                        <\/li>\r\n                                                                    <\/ul>\r\n                                  <ul class=\"social-links\">\n                                    <li><a href=\"#\"><span class=\"fab fa-facebook-f\"><\/span><\/a><\/li>\n                                                           <\/div>\r\n                    <\/div>\r\n\r\n                    <!-- Form Column -->\r\n                    <div class=\"form-column col-lg-8 col-md-12 col-sm-12\">\r\n                        <div class=\"inner-column wow fadeInRight\" data-wow-delay=\"0ms\">\r\n                            <!-- Sec Title -->\r\n                            <div class=\"sec-title\">\r\n                                <div class=\"title\">\r\n                                    Pide tu cotizaci\u00f3n <\/div>\r\n                                <h2>Mandanos un Mensaje                                <\/h2>\r\n                            <\/div>\r\n                            <!-- Contact Form -->\r\n                            <div class=\"contact-form\">\r\n                                \n<div class=\"wpcf7 no-js\" id=\"wpcf7-f1129-o1\" lang=\"en-US\" dir=\"ltr\">\n<div class=\"screen-reader-response\"><p role=\"status\" aria-live=\"polite\" aria-atomic=\"true\"><\/p> <ul><\/ul><\/div>\n<form action=\"\/index.php\/wp-json\/wp\/v2\/pages\/2795#wpcf7-f1129-o1\" method=\"post\" class=\"wpcf7-form init\" aria-label=\"Contact form\" novalidate=\"novalidate\" data-status=\"init\">\n<div style=\"display: none;\">\n<input type=\"hidden\" name=\"_wpcf7\" value=\"1129\" \/>\n<input type=\"hidden\" name=\"_wpcf7_version\" value=\"5.9.6\" \/>\n<input type=\"hidden\" name=\"_wpcf7_locale\" value=\"en_US\" \/>\n<input type=\"hidden\" name=\"_wpcf7_unit_tag\" value=\"wpcf7-f1129-o1\" \/>\n<input type=\"hidden\" name=\"_wpcf7_container_post\" value=\"0\" \/>\n<input type=\"hidden\" name=\"_wpcf7_posted_data_hash\" value=\"\" \/>\n<\/div>\n<div class=\"row clearfix\">\n\t<div class=\"col-lg-6 col-md-6 col-sm-12 form-group\">\n\t\t<p><span class=\"wpcf7-form-control-wrap\" data-name=\"your-name\"><input size=\"40\" maxlength=\"80\" class=\"wpcf7-form-control wpcf7-text wpcf7-validates-as-required text_field\" aria-required=\"true\" aria-invalid=\"false\" placeholder=\"Nombre\" value=\"\" type=\"text\" name=\"your-name\" \/><\/span>\n\t\t<\/p>\n\t<\/div>\n\t<div class=\"col-lg-6 col-md-6 col-sm-12 form-group\">\n\t\t<p><span class=\"wpcf7-form-control-wrap\" data-name=\"last-name\"><input size=\"40\" maxlength=\"80\" class=\"wpcf7-form-control wpcf7-text text_field\" aria-invalid=\"false\" placeholder=\"Apellido\" value=\"\" type=\"text\" name=\"last-name\" \/><\/span>\n\t\t<\/p>\n\t<\/div>\n\t<div class=\"col-lg-6 col-md-6 col-sm-12 form-group\">\n\t\t<p><span class=\"wpcf7-form-control-wrap\" data-name=\"your-email\"><input size=\"40\" maxlength=\"80\" class=\"wpcf7-form-control wpcf7-email wpcf7-validates-as-required wpcf7-text wpcf7-validates-as-email text_field\" aria-required=\"true\" aria-invalid=\"false\" placeholder=\"Email\" value=\"\" type=\"email\" name=\"your-email\" \/><\/span>\n\t\t<\/p>\n\t<\/div>\n\t<div class=\"col-lg-6 col-md-6 col-sm-12 form-group\">\n\t\t<p><span class=\"wpcf7-form-control-wrap\" data-name=\"your-phone\"><input size=\"40\" maxlength=\"80\" class=\"wpcf7-form-control wpcf7-text text_field\" aria-invalid=\"false\" placeholder=\"Telefono\" value=\"\" type=\"text\" name=\"your-phone\" \/><\/span>\n\t\t<\/p>\n\t<\/div>\n\t<div class=\"col-lg-6 col-md-6 col-sm-12 form-group\">\n\t\t<p><span class=\"wpcf7-form-control-wrap\" data-name=\"your-company\"><input size=\"40\" maxlength=\"80\" class=\"wpcf7-form-control wpcf7-text text_field\" aria-invalid=\"false\" placeholder=\"Compa\u00f1ia\" value=\"\" type=\"text\" name=\"your-company\" \/><\/span>\n\t\t<\/p>\n\t<\/div>\n\t<div class=\"col-lg-6 col-md-6 col-sm-12 form-group\">\n\t\t<p><span class=\"wpcf7-form-control-wrap\" data-name=\"your-subject\"><input size=\"40\" maxlength=\"80\" class=\"wpcf7-form-control wpcf7-text wpcf7-validates-as-required text_field\" aria-required=\"true\" aria-invalid=\"false\" placeholder=\"Asunto\" value=\"\" type=\"text\" name=\"your-subject\" \/><\/span>\n\t\t<\/p>\n\t<\/div>\n\t<div class=\"col-lg-12 col-md-12 col-sm-12 form-group\">\n\t\t<p><span class=\"wpcf7-form-control-wrap\" data-name=\"your-message\"><textarea cols=\"40\" rows=\"10\" maxlength=\"400\" class=\"wpcf7-form-control wpcf7-textarea wpcf7-validates-as-required text_field\" aria-required=\"true\" aria-invalid=\"false\" placeholder=\"Mensaje\" name=\"your-message\"><\/textarea><\/span>\n\t\t<\/p>\n\t<\/div>\n\t<div class=\"col-lg-12 col-md-12 col-sm-12 form-group\">\n\t\t<p><input class=\"wpcf7-form-control wpcf7-submit has-spinner theme-btn btn-style-five\" type=\"submit\" value=\"Enviar\" \/>\n\t\t<\/p>\n\t<\/div>\n<\/div><div class=\"wpcf7-response-output\" aria-hidden=\"true\"><\/div>\n<\/form>\n<\/div>\n                            <\/div>\r\n                        <\/div>\r\n                    <\/div>\r\n                <\/div>\r\n            <\/div>\r\n        <\/section>\r\n        \t\t<\/div>\n\t\t\t\t<\/div>\n\t\t\t\t\t<\/div>\n\t\t<\/div>\n\t\t\t\t\t<\/div>\n\t\t<\/section>\n\t\t\t\t<\/div>\n\t\t","protected":false},"excerpt":{"rendered":"<p>LLamanos ! Nuestro equipo de colaboradores altamente comprometidos para darle el mejor servicio. OficinaQueretaro , M\u00e9xico AlmacenQueretaro , M\u00e9xico Emailventas.qro@yasur.com.mx Telefono492 202 2537 442 128 4688 Pide tu cotizaci\u00f3n Mandanos un Mensaje<\/p>\n","protected":false},"author":1,"featured_media":0,"parent":0,"menu_order":0,"comment_status":"closed","ping_status":"closed","template":"","meta":{"footnotes":""},"class_list":["post-2795","page","type-page","status-publish","hentry"],"_links":{"self":[{"href":"https:\/\/yasur.com.mx\/index.php\/wp-json\/wp\/v2\/pages\/2795","targetHints":{"allow":["GET"]}}],"collection":[{"href":"https:\/\/yasur.com.mx\/index.php\/wp-json\/wp\/v2\/pages"}],"about":[{"href":"https:\/\/yasur.com.mx\/index.php\/wp-json\/wp\/v2\/types\/page"}],"author":[{"embeddable":true,"href":"https:\/\/yasur.com.mx\/index.php\/wp-json\/wp\/v2\/users\/1"}],"replies":[{"embeddable":true,"href":"https:\/\/yasur.com.mx\/index.php\/wp-json\/wp\/v2\/comments?post=2795"}],"version-history":[{"count":15,"href":"https:\/\/yasur.com.mx\/index.php\/wp-json\/wp\/v2\/pages\/2795\/revisions"}],"predecessor-version":[{"id":3120,"href":"https:\/\/yasur.com.mx\/index.php\/wp-json\/wp\/v2\/pages\/2795\/revisions\/3120"}],"wp:attachment":[{"href":"https:\/\/yasur.com.mx\/index.php\/wp-json\/wp\/v2\/media?parent=2795"}],"curies":[{"name":"wp","href":"https:\/\/api.w.org\/{rel}","templated":true}]}}