{"id":2793,"date":"2019-03-25T08:21:48","date_gmt":"2019-03-25T08:21:48","guid":{"rendered":"https:\/\/yasur.com.mx\/?page_id=1096"},"modified":"2024-09-29T21:08:14","modified_gmt":"2024-09-29T21:08:14","slug":"queretaro","status":"publish","type":"page","link":"https:\/\/yasur.com.mx\/index.php\/queretaro\/","title":{"rendered":"queretaro"},"content":{"rendered":"\t\t<div data-elementor-type=\"wp-page\" data-elementor-id=\"2793\" class=\"elementor elementor-2793\">\n\t\t\t\t<div class=\"elementor-element elementor-element-afa7d78 e-flex e-con-boxed e-con e-parent\" data-id=\"afa7d78\" data-element_type=\"container\">\n\t\t\t\t\t<div class=\"e-con-inner\">\n\t\t\t\t<div class=\"elementor-element elementor-element-94c4dec elementor-widget elementor-widget-aboutindustry\" data-id=\"94c4dec\" data-element_type=\"widget\" data-widget_type=\"aboutindustry.default\">\n\t\t\t\t<div class=\"elementor-widget-container\">\n\t\t\t        <!-- Fluid Section One -->\r\n                <section class=\"fluid-section-one\">\r\n            <div class=\"outer-container clearfix\">\r\n                <!--Image Column-->\r\n                <div class=\"image-column wow fadeInLeft\" data-wow-delay=\"0ms\" data-wow-duration=\"1500ms\" style=\"background-image:url(https:\/\/yasur.com.mx\/wp-content\/uploads\/2024\/06\/queretaro.png);\">\r\n                    <figure class=\"image-box\">\r\n                        <img decoding=\"async\" src=\"https:\/\/yasur.com.mx\/wp-content\/uploads\/2024\/06\/queretaro.png\" alt=\"Image\" \/>\r\n                    <\/figure>\r\n                <\/div>\r\n                <!--Content Column-->\r\n                <div class=\"content-column\">\r\n                    <div class=\"inner-column\">\r\n                        <!-- Sec Title -->\r\n                        <div class=\"sec-title\">\r\n                            <div class=\"title\"><\/div>\r\n                            <h2>\r\n                                Ingredientes, aditivos y colores para la industria de alimentos:                            <\/h2>\r\n                        <\/div>\r\n                        <p>Yasur distribuciones comprometido con la calidad , inocuidad y funcionalidad de los productos alimenticios, ofrece una gama de ingredientes y aditivos para la adici\u00f3n al alimento con fines tecnol\u00f3gicos (incluidos los organol\u00e9pticos) y como componente que mejorar\u00e1 sus caracter\u00edsticas en sabor, textura conservaci\u00f3n y\/o apariencia, en sus fases de fabricaci\u00f3n, elaboraci\u00f3n, preparaci\u00f3n, y tratamiento.<\/p><h4><b>Aditivos y Colores para la industria de alimentos<\/b><\/h4><p>Yasur distribuciones comprometido con la calidad , inocuidad y funcionalidad de los productos alimenticios, ofrece una gama de aditivos e ingredientes para la adici\u00f3n al alimento con fines tecnol\u00f3gicos (incluidos los organol\u00e9pticos) y como componente que mejorar\u00e1 sus caracter\u00edsticas en sabor, textura conservaci\u00f3n y\/o apariencia, en sus fases de fabricaci\u00f3n, elaboraci\u00f3n, preparaci\u00f3n, tratamiento; as\u00ed como una gama de productos para envasado y\u00a0 empaquetado.<\/p><p>Yasur cuenta con un equipo competente y especializado para dar cumplimiento regulatorio en el pa\u00eds donde son\u00a0 distribuidos sus productos, as\u00ed como para el servicio al cliente, atenci\u00f3n y soporte en la log\u00edstica de distribuci\u00f3n para la entrega en tiempo.<\/p>                        <!-- Signature Box -->\r\n                        <div class=\"signature-box\">\r\n                            <h4><\/h4>\r\n                            <div class=\"signature-img\">\r\n                                <img decoding=\"async\" src=\"https:\/\/yasur.com.mx\/wp-content\/uploads\/2024\/06\/almacen.png\" alt=\"Image\" \/>\r\n                            <\/div>\r\n                        <\/div>\r\n                    <\/div>\r\n                <\/div>\r\n            <\/div>\r\n        <\/section>\r\n                <!-- End Fluid Section One -->\r\n        \t\t<\/div>\n\t\t\t\t<\/div>\n\t\t\t\t\t<\/div>\n\t\t\t\t<\/div>\n\t\t<div class=\"elementor-element elementor-element-fed52b8 e-flex e-con-boxed e-con e-parent\" data-id=\"fed52b8\" data-element_type=\"container\">\n\t\t\t\t\t<div class=\"e-con-inner\">\n\t\t\t\t<div class=\"elementor-element elementor-element-70b32af elementor-widget elementor-widget-heading\" data-id=\"70b32af\" data-element_type=\"widget\" data-widget_type=\"heading.default\">\n\t\t\t\t<div class=\"elementor-widget-container\">\n\t\t\t<style>\/*! elementor - v3.22.0 - 17-06-2024 *\/\n.elementor-heading-title{padding:0;margin:0;line-height:1}.elementor-widget-heading .elementor-heading-title[class*=elementor-size-]>a{color:inherit;font-size:inherit;line-height:inherit}.elementor-widget-heading .elementor-heading-title.elementor-size-small{font-size:15px}.elementor-widget-heading .elementor-heading-title.elementor-size-medium{font-size:19px}.elementor-widget-heading .elementor-heading-title.elementor-size-large{font-size:29px}.elementor-widget-heading .elementor-heading-title.elementor-size-xl{font-size:39px}.elementor-widget-heading .elementor-heading-title.elementor-size-xxl{font-size:59px}<\/style><h2 class=\"elementor-heading-title elementor-size-default\">.Los servicios que podemos proporcionar aqu\u00ed adem\u00e1s de la comercializaci\u00f3n de productos son :<\/h2>\t\t<\/div>\n\t\t\t\t<\/div>\n\t\t\t\t<div class=\"elementor-element elementor-element-a7d2b91 elementor-widget elementor-widget-featureblock\" data-id=\"a7d2b91\" data-element_type=\"widget\" data-widget_type=\"featureblock.default\">\n\t\t\t\t<div class=\"elementor-widget-container\">\n\t\t\t        <section class=\"features-section\">\r\n            <div class=\"outer-container\">\r\n                <div class=\"row no-gutters\">\r\n                    <!-- Feature Block Six -->\r\n                                            <div class=\"feature-block-six col-lg-4 col-md-6 col-sm-12\">\r\n                            <div class=\"inner-box\">\r\n                                <div class=\"icon-box\"><span class=\"icon flaticon-find-in-folder\"><\/span><\/div>  \r\n                                <h5><a href=\"#\">Almacenaje\n<\/a><\/h5>\r\n                                <div class=\"text\"><\/div>\r\n                            <\/div>\r\n                        <\/div>\r\n                                            <div class=\"feature-block-six col-lg-4 col-md-6 col-sm-12\">\r\n                            <div class=\"inner-box\">\r\n                                <div class=\"icon-box\"><span class=\"icon flaticon-telegram-logo\"><\/span><\/div>  \r\n                                <h5><a href=\"#\">Distribuci\u00f3n\n<\/a><\/h5>\r\n                                <div class=\"text\"><\/div>\r\n                            <\/div>\r\n                        <\/div>\r\n                                            <div class=\"feature-block-six col-lg-4 col-md-6 col-sm-12\">\r\n                            <div class=\"inner-box\">\r\n                                <div class=\"icon-box\"><span class=\"icon flaticon-file\"><\/span><\/div>  \r\n                                <h5><a href=\"#\">Cross dock - \nsistema de preparaci\u00f3n de pedidos<\/a><\/h5>\r\n                                <div class=\"text\"><\/div>\r\n                            <\/div>\r\n                        <\/div>\r\n                                            <div class=\"feature-block-six col-lg-4 col-md-6 col-sm-12\">\r\n                            <div class=\"inner-box\">\r\n                                <div class=\"icon-box\"><span class=\"icon flaticon-workers\"><\/span><\/div>  \r\n                                <h5><a href=\"#\">Value added services<\/a><\/h5>\r\n                                <div class=\"text\"><ul><li>Secuenciado<\/li><li>Reempacado<\/li><li>Reetiquetado<\/li><li>Consignaci\u00f3n<\/li><li>VMI<\/li><li>Kanban<\/li><\/ul><\/div>\r\n                            <\/div>\r\n                        <\/div>\r\n                                            <div class=\"feature-block-six col-lg-4 col-md-6 col-sm-12\">\r\n                            <div class=\"inner-box\">\r\n                                <div class=\"icon-box\"><span class=\"icon fa fa-address-book\"><\/span><\/div>  \r\n                                <h5><a href=\"\">Empaques y tarimas\n<\/a><\/h5>\r\n                                <div class=\"text\"><\/div>\r\n                            <\/div>\r\n                        <\/div>\r\n                                            <div class=\"feature-block-six col-lg-4 col-md-6 col-sm-12\">\r\n                            <div class=\"inner-box\">\r\n                                <div class=\"icon-box\"><span class=\"icon flaticon-test-tube-flask-and-drop-of-blood\"><\/span><\/div>  \r\n                                <h5><a href=\"https:\/\/yasur.com.mx\/index.php\/coloresalim\/\">Aditivos y colores alimenticios\n<\/a><\/h5>\r\n                                <div class=\"text\"><\/div>\r\n                            <\/div>\r\n                        <\/div>\r\n                                    <\/div>\r\n            <\/div>\r\n        <\/section>\r\n        \t\t<\/div>\n\t\t\t\t<\/div>\n\t\t\t\t\t<\/div>\n\t\t\t\t<\/div>\n\t\t\t\t<\/div>\n\t\t","protected":false},"excerpt":{"rendered":"<p>Ingredientes, aditivos y colores para la industria de alimentos: Yasur distribuciones comprometido con la calidad , inocuidad y funcionalidad de los productos alimenticios, ofrece una gama de ingredientes y aditivos para la adici\u00f3n al alimento con fines tecnol\u00f3gicos (incluidos los organol\u00e9pticos) y como componente que mejorar\u00e1 sus caracter\u00edsticas en sabor, textura conservaci\u00f3n y\/o apariencia, en [&hellip;]<\/p>\n","protected":false},"author":1,"featured_media":0,"parent":0,"menu_order":0,"comment_status":"closed","ping_status":"closed","template":"","meta":{"footnotes":""},"class_list":["post-2793","page","type-page","status-publish","hentry"],"_links":{"self":[{"href":"https:\/\/yasur.com.mx\/index.php\/wp-json\/wp\/v2\/pages\/2793","targetHints":{"allow":["GET"]}}],"collection":[{"href":"https:\/\/yasur.com.mx\/index.php\/wp-json\/wp\/v2\/pages"}],"about":[{"href":"https:\/\/yasur.com.mx\/index.php\/wp-json\/wp\/v2\/types\/page"}],"author":[{"embeddable":true,"href":"https:\/\/yasur.com.mx\/index.php\/wp-json\/wp\/v2\/users\/1"}],"replies":[{"embeddable":true,"href":"https:\/\/yasur.com.mx\/index.php\/wp-json\/wp\/v2\/comments?post=2793"}],"version-history":[{"count":35,"href":"https:\/\/yasur.com.mx\/index.php\/wp-json\/wp\/v2\/pages\/2793\/revisions"}],"predecessor-version":[{"id":3221,"href":"https:\/\/yasur.com.mx\/index.php\/wp-json\/wp\/v2\/pages\/2793\/revisions\/3221"}],"wp:attachment":[{"href":"https:\/\/yasur.com.mx\/index.php\/wp-json\/wp\/v2\/media?parent=2793"}],"curies":[{"name":"wp","href":"https:\/\/api.w.org\/{rel}","templated":true}]}}