{"id":2792,"date":"2019-03-25T06:13:58","date_gmt":"2019-03-25T06:13:58","guid":{"rendered":"https:\/\/yasur.com.mx\/?page_id=1070"},"modified":"2024-10-07T17:44:54","modified_gmt":"2024-10-07T17:44:54","slug":"coloresalim","status":"publish","type":"page","link":"https:\/\/yasur.com.mx\/index.php\/coloresalim\/","title":{"rendered":"coloresalim"},"content":{"rendered":"\t\t<div data-elementor-type=\"wp-post\" data-elementor-id=\"2792\" class=\"elementor elementor-2792\">\n\t\t\t\t<div class=\"elementor-element elementor-element-66d5de4 e-flex e-con-boxed e-con e-parent\" data-id=\"66d5de4\" data-element_type=\"container\">\n\t\t\t\t\t<div class=\"e-con-inner\">\n\t\t<div class=\"elementor-element elementor-element-edf97b5 e-con-full e-flex e-con e-child\" data-id=\"edf97b5\" data-element_type=\"container\">\n\t\t\t\t<div class=\"elementor-element elementor-element-9302c81 elementor-widget elementor-widget-text-editor\" data-id=\"9302c81\" data-element_type=\"widget\" data-widget_type=\"text-editor.default\">\n\t\t\t\t<div class=\"elementor-widget-container\">\n\t\t\t<style>\/*! elementor - v3.22.0 - 17-06-2024 *\/\n.elementor-widget-text-editor.elementor-drop-cap-view-stacked .elementor-drop-cap{background-color:#69727d;color:#fff}.elementor-widget-text-editor.elementor-drop-cap-view-framed .elementor-drop-cap{color:#69727d;border:3px solid;background-color:transparent}.elementor-widget-text-editor:not(.elementor-drop-cap-view-default) .elementor-drop-cap{margin-top:8px}.elementor-widget-text-editor:not(.elementor-drop-cap-view-default) .elementor-drop-cap-letter{width:1em;height:1em}.elementor-widget-text-editor .elementor-drop-cap{float:left;text-align:center;line-height:1;font-size:50px}.elementor-widget-text-editor .elementor-drop-cap-letter{display:inline-block}<\/style>\t\t\t\t<h1><b>Aditivos y colores alimenticios<\/b><\/h1>\t\t\t\t\t\t<\/div>\n\t\t\t\t<\/div>\n\t\t\t\t<\/div>\n\t\t\t\t<div class=\"elementor-element elementor-element-3253006 elementor-widget elementor-widget-image\" data-id=\"3253006\" data-element_type=\"widget\" data-widget_type=\"image.default\">\n\t\t\t\t<div class=\"elementor-widget-container\">\n\t\t\t<style>\/*! elementor - v3.22.0 - 17-06-2024 *\/\n.elementor-widget-image{text-align:center}.elementor-widget-image a{display:inline-block}.elementor-widget-image a img[src$=\".svg\"]{width:48px}.elementor-widget-image img{vertical-align:middle;display:inline-block}<\/style>\t\t\t\t\t\t\t\t\t\t<img fetchpriority=\"high\" decoding=\"async\" width=\"640\" height=\"366\" src=\"https:\/\/yasur.com.mx\/wp-content\/uploads\/2024\/09\/aditivos-alimentarios-ecuador.jpeg\" class=\"attachment-large size-large wp-image-3161\" alt=\"\" srcset=\"https:\/\/yasur.com.mx\/wp-content\/uploads\/2024\/09\/aditivos-alimentarios-ecuador.jpeg 800w, https:\/\/yasur.com.mx\/wp-content\/uploads\/2024\/09\/aditivos-alimentarios-ecuador-300x171.jpeg 300w, https:\/\/yasur.com.mx\/wp-content\/uploads\/2024\/09\/aditivos-alimentarios-ecuador-768x439.jpeg 768w, https:\/\/yasur.com.mx\/wp-content\/uploads\/2024\/09\/aditivos-alimentarios-ecuador-770x441.jpeg 770w\" sizes=\"(max-width: 640px) 100vw, 640px\" \/>\t\t\t\t\t\t\t\t\t\t\t\t\t<\/div>\n\t\t\t\t<\/div>\n\t\t\t\t\t<\/div>\n\t\t\t\t<\/div>\n\t\t<div class=\"elementor-element elementor-element-113428d e-flex e-con-boxed e-con e-parent\" data-id=\"113428d\" data-element_type=\"container\">\n\t\t\t\t\t<div class=\"e-con-inner\">\n\t\t\t\t<div class=\"elementor-element elementor-element-79c8b17 elementor-widget elementor-widget-heading\" data-id=\"79c8b17\" data-element_type=\"widget\" data-widget_type=\"heading.default\">\n\t\t\t\t<div class=\"elementor-widget-container\">\n\t\t\t<style>\/*! elementor - v3.22.0 - 17-06-2024 *\/\n.elementor-heading-title{padding:0;margin:0;line-height:1}.elementor-widget-heading .elementor-heading-title[class*=elementor-size-]>a{color:inherit;font-size:inherit;line-height:inherit}.elementor-widget-heading .elementor-heading-title.elementor-size-small{font-size:15px}.elementor-widget-heading .elementor-heading-title.elementor-size-medium{font-size:19px}.elementor-widget-heading .elementor-heading-title.elementor-size-large{font-size:29px}.elementor-widget-heading .elementor-heading-title.elementor-size-xl{font-size:39px}.elementor-widget-heading .elementor-heading-title.elementor-size-xxl{font-size:59px}<\/style><h2 class=\"elementor-heading-title elementor-size-default\">Aditivos:<\/h2>\t\t<\/div>\n\t\t\t\t<\/div>\n\t\t\t\t\t<\/div>\n\t\t\t\t<\/div>\n\t\t<div class=\"elementor-element elementor-element-af00735 e-con-full e-flex e-con e-parent\" data-id=\"af00735\" data-element_type=\"container\">\n\t\t\t\t<div class=\"elementor-element elementor-element-8ba1be7 elementor-widget elementor-widget-faqs\" data-id=\"8ba1be7\" data-element_type=\"widget\" data-widget_type=\"faqs.default\">\n\t\t\t\t<div class=\"elementor-widget-container\">\n\t\t\t        <ul class=\"accordion-box\">\r\n            <!--Block-->\r\n                            <li class=\"accordion block  wow fadeInUp\">\r\n                    <div class=\"acc-btn \"><div class=\"icon-outer\"><span class=\"icon icon-plus fa fa-angle-right\"><\/span><\/div>Maltodextrina<\/div>\r\n                    <div class=\"acc-content \">\r\n                        <div class=\"content\">\r\n                            <div class=\"text\">DESCRIPCI\u00d3N:\nLa maltodextrina ((C6H10O5)n, es un polisac\u00e1rido que consiste en unidades de D-glucosa unidas principalmente por enlaces [alfa]-1-4 , que tiene una dextrosa equivalente  (DE) que puede ser menor a 20. Se obtienen a partir de la hidr\u00f3lisis parcial del almid\u00f3n.\nNo. CAS 9050-36-6\nCFR 21 184.1444\nSustancia reconocida como segura (GRAS).\nUSO PREVISTO: Aditivo alimentario utilizado principalmente como espesantes y humectar y dar consistencia en alimentos.\n<\/div>\r\n                        <\/div>\r\n                    <\/div>\r\n                <\/li>\r\n                                <li class=\"accordion block  wow fadeInUp\">\r\n                    <div class=\"acc-btn \"><div class=\"icon-outer\"><span class=\"icon icon-plus fa fa-angle-right\"><\/span><\/div>Dextrosa Monohidratada<\/div>\r\n                    <div class=\"acc-content \">\r\n                        <div class=\"content\">\r\n                            <div class=\"text\">\u00bfQu\u00e9 es la dextrosa monohidratada? La dextrosa monohidratada es un az\u00facar simple, producido por la hidr\u00f3lisis del almid\u00f3n de ma\u00edz, de donde procede la glucosa (cadena compuesta por cadenas de dextrosa) por ello ambas sustancias son qu\u00edmicamente id\u00e9nticas.<\/div>\r\n                        <\/div>\r\n                    <\/div>\r\n                <\/li>\r\n                                <li class=\"accordion block  wow fadeInUp\">\r\n                    <div class=\"acc-btn \"><div class=\"icon-outer\"><span class=\"icon icon-plus fa fa-angle-right\"><\/span><\/div>F\u00e9cula de Ma\u00edz<\/div>\r\n                    <div class=\"acc-content \">\r\n                        <div class=\"content\">\r\n                            <div class=\"text\">La F\u00e9cula de Ma\u00edz est\u00e1 elaborada con ma\u00edz de origen natural para dar un sabor y consistencia incre\u00edbles a bebidas y comidas. Ideal para espesar bebidas, atoles, salsas, postres, rellenos, papillas, o darle una consistencia especial al pan dulce o salado.<\/div>\r\n                        <\/div>\r\n                    <\/div>\r\n                <\/li>\r\n                                <li class=\"accordion block  wow fadeInUp\">\r\n                    <div class=\"acc-btn \"><div class=\"icon-outer\"><span class=\"icon icon-plus fa fa-angle-right\"><\/span><\/div>Propilenglicol <\/div>\r\n                    <div class=\"acc-content \">\r\n                        <div class=\"content\">\r\n                            <div class=\"text\">El propilenglicol es un alcohol alif\u00e1tico que se utiliza como agente para el cuidado de la piel, agente reductor de la viscosidad, disolvente o fragancia en cosm\u00e9ticos.<\/div>\r\n                        <\/div>\r\n                    <\/div>\r\n                <\/li>\r\n                                <li class=\"accordion block  wow fadeInUp\">\r\n                    <div class=\"acc-btn \"><div class=\"icon-outer\"><span class=\"icon icon-plus fa fa-angle-right\"><\/span><\/div>Goma Xhantana<\/div>\r\n                    <div class=\"acc-content \">\r\n                        <div class=\"content\">\r\n                            <div class=\"text\">La goma xantana, tambi\u00e9n conocida como xantano o E-415, es un aditivo que se utiliza en la industria alimentaria, cosm\u00e9tica y farmac\u00e9utica. <\/div>\r\n                        <\/div>\r\n                    <\/div>\r\n                <\/li>\r\n                                <li class=\"accordion block  wow fadeInUp\">\r\n                    <div class=\"acc-btn \"><div class=\"icon-outer\"><span class=\"icon icon-plus fa fa-angle-right\"><\/span><\/div>Sulfato de Sodio<\/div>\r\n                    <div class=\"acc-content \">\r\n                        <div class=\"content\">\r\n                            <div class=\"text\">El sulfato de sodio es una sustancia incolora, cristalina, blanca, sin olor y de sabor amargo que se usa en m\u00faltiples industrias<\/div>\r\n                        <\/div>\r\n                    <\/div>\r\n                <\/li>\r\n                                <li class=\"accordion block  wow fadeInUp\">\r\n                    <div class=\"acc-btn \"><div class=\"icon-outer\"><span class=\"icon icon-plus fa fa-angle-right\"><\/span><\/div>Propionato de Calcio<\/div>\r\n                    <div class=\"acc-content \">\r\n                        <div class=\"content\">\r\n                            <div class=\"text\">El propionato de calcio es un aditivo alimentario que se usa como conservante para inhibir el crecimiento de hongos y levaduras en los alimentos.<\/div>\r\n                        <\/div>\r\n                    <\/div>\r\n                <\/li>\r\n                        <\/ul>\r\n        \t\t<\/div>\n\t\t\t\t<\/div>\n\t\t\t\t<\/div>\n\t\t<div class=\"elementor-element elementor-element-55b5ef5 e-flex e-con-boxed e-con e-parent\" data-id=\"55b5ef5\" data-element_type=\"container\">\n\t\t\t\t\t<div class=\"e-con-inner\">\n\t\t\t\t<div class=\"elementor-element elementor-element-553f78e elementor-widget elementor-widget-heading\" data-id=\"553f78e\" data-element_type=\"widget\" data-widget_type=\"heading.default\">\n\t\t\t\t<div class=\"elementor-widget-container\">\n\t\t\t<h2 class=\"elementor-heading-title elementor-size-default\">Ingredientes:<\/h2>\t\t<\/div>\n\t\t\t\t<\/div>\n\t\t\t\t\t<\/div>\n\t\t\t\t<\/div>\n\t\t<div class=\"elementor-element elementor-element-c2df0b0 e-flex e-con-boxed e-con e-parent\" data-id=\"c2df0b0\" data-element_type=\"container\">\n\t\t\t\t\t<div class=\"e-con-inner\">\n\t\t\t\t<div class=\"elementor-element elementor-element-900473a elementor-widget elementor-widget-faqs\" data-id=\"900473a\" data-element_type=\"widget\" data-widget_type=\"faqs.default\">\n\t\t\t\t<div class=\"elementor-widget-container\">\n\t\t\t        <ul class=\"accordion-box\">\r\n            <!--Block-->\r\n                            <li class=\"accordion block  wow fadeInUp\">\r\n                    <div class=\"acc-btn \"><div class=\"icon-outer\"><span class=\"icon icon-plus fa fa-angle-right\"><\/span><\/div>Sal Micronizada Yodada<\/div>\r\n                    <div class=\"acc-content \">\r\n                        <div class=\"content\">\r\n                            <div class=\"text\">La sal yodada es sal com\u00fan o de mesa a la que se agrega yodo en forma de yodato de sodio. Este a\u00f1adido no modifica el sabor de la sal. Salvo que se indique en el paquete, la sal marina no lleva yodo naturalmente presente, o lo lleva en muy peque\u00f1as cantidades.<\/div>\r\n                        <\/div>\r\n                    <\/div>\r\n                <\/li>\r\n                                <li class=\"accordion block  wow fadeInUp\">\r\n                    <div class=\"acc-btn \"><div class=\"icon-outer\"><span class=\"icon icon-plus fa fa-angle-right\"><\/span><\/div>Az\u00facar Est\u00e1ndar<\/div>\r\n                    <div class=\"acc-content \">\r\n                        <div class=\"content\">\r\n                            <div class=\"text\">El az\u00facar est\u00e1ndar es un producto s\u00f3lido que se obtiene de la ca\u00f1a de az\u00facar y est\u00e1 compuesto principalmente por cristales de sacarosa. La concentraci\u00f3n de sacarosa en el az\u00facar est\u00e1ndar debe ser de al menos 99.40% de polarizaci\u00f3n. \n<\/div>\r\n                        <\/div>\r\n                    <\/div>\r\n                <\/li>\r\n                                <li class=\"accordion block  wow fadeInUp\">\r\n                    <div class=\"acc-btn \"><div class=\"icon-outer\"><span class=\"icon icon-plus fa fa-angle-right\"><\/span><\/div>Az\u00facar Refinada<\/div>\r\n                    <div class=\"acc-content \">\r\n                        <div class=\"content\">\r\n                            <div class=\"text\">El az\u00facar refinada es un producto s\u00f3lido que se obtiene a partir de la ca\u00f1a de az\u00facar y se caracteriza por contener cristales de sacarosa en una concentraci\u00f3n m\u00ednima del 99,90%. <\/div>\r\n                        <\/div>\r\n                    <\/div>\r\n                <\/li>\r\n                                <li class=\"accordion block  wow fadeInUp\">\r\n                    <div class=\"acc-btn \"><div class=\"icon-outer\"><span class=\"icon icon-plus fa fa-angle-right\"><\/span><\/div>Az\u00facar caramelizada<\/div>\r\n                    <div class=\"acc-content \">\r\n                        <div class=\"content\">\r\n                            <div class=\"text\">la caramelizaci\u00f3n es el proceso de eliminaci\u00f3n de agua de un az\u00facar. Este proceso comienza con la fusi\u00f3n del az\u00facar a altas temperaturas<\/div>\r\n                        <\/div>\r\n                    <\/div>\r\n                <\/li>\r\n                                <li class=\"accordion block  wow fadeInUp\">\r\n                    <div class=\"acc-btn \"><div class=\"icon-outer\"><span class=\"icon icon-plus fa fa-angle-right\"><\/span><\/div>Leche descremada en polvo<\/div>\r\n                    <div class=\"acc-content \">\r\n                        <div class=\"content\">\r\n                            <div class=\"text\">La leche descremada en polvo es un alimento de origen animal, industrializado y procesado.<\/div>\r\n                        <\/div>\r\n                    <\/div>\r\n                <\/li>\r\n                                <li class=\"accordion block  wow fadeInUp\">\r\n                    <div class=\"acc-btn \"><div class=\"icon-outer\"><span class=\"icon icon-plus fa fa-angle-right\"><\/span><\/div>\u00c1cido Asc\u00f3rbico<\/div>\r\n                    <div class=\"acc-content \">\r\n                        <div class=\"content\">\r\n                            <div class=\"text\">El \u00e1cido asc\u00f3rbico, tambi\u00e9n conocido como vitamina C, es un nutriente que el cuerpo necesita para mantenerse sano y funcionar.<\/div>\r\n                        <\/div>\r\n                    <\/div>\r\n                <\/li>\r\n                                <li class=\"accordion block  wow fadeInUp\">\r\n                    <div class=\"acc-btn \"><div class=\"icon-outer\"><span class=\"icon icon-plus fa fa-angle-right\"><\/span><\/div>Sal Micronizada Yodada<\/div>\r\n                    <div class=\"acc-content \">\r\n                        <div class=\"content\">\r\n                            <div class=\"text\">La sal yodada es sal com\u00fan o de mesa a la que se agrega yodo en forma de yodato de sodio. Este a\u00f1adido no modifica el sabor de la sal. Salvo que se indique en el paquete, la sal marina no lleva yodo naturalmente presente, o lo lleva en muy peque\u00f1as cantidades.<\/div>\r\n                        <\/div>\r\n                    <\/div>\r\n                <\/li>\r\n                                <li class=\"accordion block  wow fadeInUp\">\r\n                    <div class=\"acc-btn \"><div class=\"icon-outer\"><span class=\"icon icon-plus fa fa-angle-right\"><\/span><\/div>Solidos de Mantequilla<\/div>\r\n                    <div class=\"acc-content \">\r\n                        <div class=\"content\">\r\n                            <div class=\"text\">Los s\u00f3lidos de mantequilla son el producto resultante de la eliminaci\u00f3n de agua de suero l\u00edquido derivado del batido de la mantequilla.<\/div>\r\n                        <\/div>\r\n                    <\/div>\r\n                <\/li>\r\n                                <li class=\"accordion block  wow fadeInUp\">\r\n                    <div class=\"acc-btn \"><div class=\"icon-outer\"><span class=\"icon icon-plus fa fa-angle-right\"><\/span><\/div>Suero de Leche<\/div>\r\n                    <div class=\"acc-content \">\r\n                        <div class=\"content\">\r\n                            <div class=\"text\">El suero de leche o lactosuero es la fracci\u00f3n l\u00edquida obtenida durante la coagulaci\u00f3n de la leche en el proceso de fabricaci\u00f3n del queso y de la mantequilla<\/div>\r\n                        <\/div>\r\n                    <\/div>\r\n                <\/li>\r\n                                <li class=\"accordion block  wow fadeInUp\">\r\n                    <div class=\"acc-btn \"><div class=\"icon-outer\"><span class=\"icon icon-plus fa fa-angle-right\"><\/span><\/div>Miel de abeja<\/div>\r\n                    <div class=\"acc-content \">\r\n                        <div class=\"content\">\r\n                            <div class=\"text\">La miel es un fluido muy dulce y viscoso producido por abejas\u200b del g\u00e9nero Apis, principalmente la abeja dom\u00e9stica, a partir del n\u00e9ctar de las flores<\/div>\r\n                        <\/div>\r\n                    <\/div>\r\n                <\/li>\r\n                        <\/ul>\r\n        \t\t<\/div>\n\t\t\t\t<\/div>\n\t\t\t\t\t<\/div>\n\t\t\t\t<\/div>\n\t\t<div class=\"elementor-element elementor-element-7e3e5b0 e-flex e-con-boxed e-con e-parent\" data-id=\"7e3e5b0\" data-element_type=\"container\">\n\t\t\t\t\t<div class=\"e-con-inner\">\n\t\t\t\t<div class=\"elementor-element elementor-element-ed597cf elementor-widget elementor-widget-heading\" data-id=\"ed597cf\" data-element_type=\"widget\" data-widget_type=\"heading.default\">\n\t\t\t\t<div class=\"elementor-widget-container\">\n\t\t\t<h2 class=\"elementor-heading-title elementor-size-default\">Colorantes:<\/h2>\t\t<\/div>\n\t\t\t\t<\/div>\n\t\t\t\t\t<\/div>\n\t\t\t\t<\/div>\n\t\t<div class=\"elementor-element elementor-element-ae577f3 e-flex e-con-boxed e-con e-parent\" data-id=\"ae577f3\" data-element_type=\"container\">\n\t\t\t\t\t<div class=\"e-con-inner\">\n\t\t\t\t<div class=\"elementor-element elementor-element-468a9e0 elementor-widget elementor-widget-faqs\" data-id=\"468a9e0\" data-element_type=\"widget\" data-widget_type=\"faqs.default\">\n\t\t\t\t<div class=\"elementor-widget-container\">\n\t\t\t        <ul class=\"accordion-box\">\r\n            <!--Block-->\r\n                            <li class=\"accordion block  wow fadeInUp\">\r\n                    <div class=\"acc-btn \"><div class=\"icon-outer\"><span class=\"icon icon-plus fa fa-angle-right\"><\/span><\/div>Color Caramelo<\/div>\r\n                    <div class=\"acc-content \">\r\n                        <div class=\"content\">\r\n                            <div class=\"text\">El \u00abColor Caramelo\u00bb o colorante \u00abColor Caramelo\u00bb es un colorante alimentario soluble en agua. Se produce mediante el tratamiento t\u00e9rmico de carbohidratos<\/div>\r\n                        <\/div>\r\n                    <\/div>\r\n                <\/li>\r\n                                <li class=\"accordion block  wow fadeInUp\">\r\n                    <div class=\"acc-btn \"><div class=\"icon-outer\"><span class=\"icon icon-plus fa fa-angle-right\"><\/span><\/div>Di\u00f3xido de Titanio<\/div>\r\n                    <div class=\"acc-content \">\r\n                        <div class=\"content\">\r\n                            <div class=\"text\">El di\u00f3xido de titanio (TiO2) es un compuesto inorg\u00e1nico que se usa en una amplia variedad de productos, ya que tiene propiedades \u00fanicas como su blancura, resistencia a los rayos UV y capacidad para dispersar la luz<\/div>\r\n                        <\/div>\r\n                    <\/div>\r\n                <\/li>\r\n                                <li class=\"accordion block  wow fadeInUp\">\r\n                    <div class=\"acc-btn \"><div class=\"icon-outer\"><span class=\"icon icon-plus fa fa-angle-right\"><\/span><\/div>Colores alimentarios ( Amarillo 6, Amarillo 5 y Rojo 40).<\/div>\r\n                    <div class=\"acc-content \">\r\n                        <div class=\"content\">\r\n                            <div class=\"text\">Los colorantes alimentarios Amarillo 5, Amarillo 6 y Rojo 40 son azocolorantes que la FDA ha aprobado para su uso en alimentos y bebidas<\/div>\r\n                        <\/div>\r\n                    <\/div>\r\n                <\/li>\r\n                        <\/ul>\r\n        \t\t<\/div>\n\t\t\t\t<\/div>\n\t\t\t\t\t<\/div>\n\t\t\t\t<\/div>\n\t\t\t\t<\/div>\n\t\t","protected":false},"excerpt":{"rendered":"<p>Aditivos y colores alimenticios Aditivos: Maltodextrina DESCRIPCI\u00d3N: La maltodextrina ((C6H10O5)n, es un polisac\u00e1rido que consiste en unidades de D-glucosa unidas principalmente por enlaces [alfa]-1-4 , que tiene una dextrosa equivalente (DE) que puede ser menor a 20. Se obtienen a partir de la hidr\u00f3lisis parcial del almid\u00f3n. No. CAS 9050-36-6 CFR 21 184.1444 Sustancia reconocida [&hellip;]<\/p>\n","protected":false},"author":1,"featured_media":0,"parent":0,"menu_order":0,"comment_status":"closed","ping_status":"closed","template":"","meta":{"footnotes":""},"class_list":["post-2792","page","type-page","status-publish","hentry"],"_links":{"self":[{"href":"https:\/\/yasur.com.mx\/index.php\/wp-json\/wp\/v2\/pages\/2792","targetHints":{"allow":["GET"]}}],"collection":[{"href":"https:\/\/yasur.com.mx\/index.php\/wp-json\/wp\/v2\/pages"}],"about":[{"href":"https:\/\/yasur.com.mx\/index.php\/wp-json\/wp\/v2\/types\/page"}],"author":[{"embeddable":true,"href":"https:\/\/yasur.com.mx\/index.php\/wp-json\/wp\/v2\/users\/1"}],"replies":[{"embeddable":true,"href":"https:\/\/yasur.com.mx\/index.php\/wp-json\/wp\/v2\/comments?post=2792"}],"version-history":[{"count":76,"href":"https:\/\/yasur.com.mx\/index.php\/wp-json\/wp\/v2\/pages\/2792\/revisions"}],"predecessor-version":[{"id":3272,"href":"https:\/\/yasur.com.mx\/index.php\/wp-json\/wp\/v2\/pages\/2792\/revisions\/3272"}],"wp:attachment":[{"href":"https:\/\/yasur.com.mx\/index.php\/wp-json\/wp\/v2\/media?parent=2792"}],"curies":[{"name":"wp","href":"https:\/\/api.w.org\/{rel}","templated":true}]}}