{"id":2789,"date":"2019-03-25T03:48:46","date_gmt":"2019-03-25T03:48:46","guid":{"rendered":"https:\/\/yasur.com.mx\/?page_id=1053"},"modified":"2024-10-02T16:55:58","modified_gmt":"2024-10-02T16:55:58","slug":"about","status":"publish","type":"page","link":"https:\/\/yasur.com.mx\/index.php\/about\/","title":{"rendered":"About us"},"content":{"rendered":"\t\t<div data-elementor-type=\"wp-post\" data-elementor-id=\"2789\" class=\"elementor elementor-2789\">\n\t\t\t\t\t\t<section class=\"elementor-section elementor-top-section elementor-element elementor-element-49610c0 elementor-section-stretched elementor-section-full_width elementor-section-height-default elementor-section-height-default\" data-id=\"49610c0\" data-element_type=\"section\" data-settings=\"{&quot;stretch_section&quot;:&quot;section-stretched&quot;}\">\n\t\t\t\t\t\t<div class=\"elementor-container elementor-column-gap-no\">\n\t\t\t\t\t<div class=\"elementor-column elementor-col-100 elementor-top-column elementor-element elementor-element-2cc6357\" data-id=\"2cc6357\" data-element_type=\"column\">\n\t\t\t<div class=\"elementor-widget-wrap\">\n\t\t\t\t\t\t\t<\/div>\n\t\t<\/div>\n\t\t\t\t\t<\/div>\n\t\t<\/section>\n\t\t\t\t<section class=\"elementor-section elementor-top-section elementor-element elementor-element-54728ca elementor-section-stretched elementor-section-full_width elementor-section-height-default elementor-section-height-default\" data-id=\"54728ca\" data-element_type=\"section\" data-settings=\"{&quot;stretch_section&quot;:&quot;section-stretched&quot;}\">\n\t\t\t\t\t\t<div class=\"elementor-container elementor-column-gap-no\">\n\t\t\t\t\t<div class=\"elementor-column elementor-col-100 elementor-top-column elementor-element elementor-element-ba1ce7b\" data-id=\"ba1ce7b\" data-element_type=\"column\">\n\t\t\t<div class=\"elementor-widget-wrap elementor-element-populated\">\n\t\t\t\t\t\t<div class=\"elementor-element elementor-element-7f22e03 elementor-widget elementor-widget-page_about\" data-id=\"7f22e03\" data-element_type=\"widget\" data-widget_type=\"page_about.default\">\n\t\t\t\t<div class=\"elementor-widget-container\">\n\t\t\t\r\n<!-- Fun Facts Section -->\r\n<section class=\"about-section-two\" style=\"background-image:url(https:\/\/yasur.com.mx\/wp-content\/uploads\/2020\/06\/shop-7.jpg);\">\r\n  <div class=\"auto-container\">\r\n    <div class=\"title-style-one style-two centered\">\r\n      <div class=\"icon\"><img decoding=\"async\" src=\"https:\/\/yasur.com.mx\/wp-content\/uploads\/2024\/06\/logook3.png\"\r\n          alt=\"Image\"><\/div>\r\n      <div class=\"subtitle\">NUESTRA HISTORIA<\/div>\r\n      <h2>YASUR fue fundada el 2 de octubre del 2017 con el objetivo principal de brindar una soluci\u00f3n integral al abastecimiento de insumos de EUA y el mundo para M\u00e9xico.\n<\/h2>\r\n      <div class=\"text\">Actualmente nos hemos especializado en refacciones para equipo pesado, herramienta industrial especializada, herramienta de ferreter\u00eda manual y de poder, acumuladores, sensores y material el\u00e9ctrico especializado.\nAs\u00ed como en aditivos e ingredientes para la industria de alimentos.\n\n<\/div>\r\n    <\/div>\r\n\r\n    <div class=\"row\">\r\n      <div class=\"image-column col-lg-6 col-md-12 col-sm-12\">\r\n        <div class=\"inner-column wow fadeInLeft\" data-wow-delay=\"0ms\" data-wow-duration=\"1500ms\">\r\n          <figure class=\"image\"><a href=\"https:\/\/yasur.com.mx\/wp-content\/uploads\/2024\/06\/mechanic-presenting-something.jpg\" class=\"lightbox-image\">\r\n              <img decoding=\"async\" src=\"https:\/\/yasur.com.mx\/wp-content\/uploads\/2024\/06\/mechanic-presenting-something.jpg\"\r\n                alt=\"Image\">\r\n            <\/a>\r\n          <\/figure>\r\n        <\/div>\r\n      <\/div>\r\n\r\n      <div class=\"content-column col-lg-6 col-md-12 col-sm-12\">\r\n        <div class=\"inner-column wow fadeInRight\" data-wow-delay=\"0ms\" data-wow-duration=\"1500ms\">\r\n          <div class=\"text\">\r\n            En YASUR nos preocupamos por cada vez brindar mejores soluciones y tiempos de entrega, con el fin de estar m\u00e1s cerca de nuestros clientes y poder atender y entender sus requerimientos. Nos instalamos cerca de las necesidades de nuestros clientes para poder cubrir sus necesidades.\n Se cuenta con instalaciones en la ciudad de Saltillo y en la ciudad de Zacatecas. \n Debido a la creciente demanda Yasur apertura en el 2024 nuevas instalaciones en la ciudad de Quer\u00e9taro para satisfacer las necesidades de comercio en la regi\u00f3n.<br>\n\nYasur cuenta con un equipo competente y especializado para dar cumplimiento regulatorio en el pa\u00eds donde son  distribuidos sus productos, as\u00ed como para el servicio al cliente, atenci\u00f3n y soporte en la log\u00edstica de distribuci\u00f3n para la entrega en tiempo.          <\/div>\r\n          <div class=\"fact-counter wow fadeInRightBig\" data-wow-delay=\"0ms\" data-wow-duration=\"1500ms\">\r\n            <div class=\"clearfix\">\r\n                            <!--Column-->\r\n              <div class=\"column counter-column col-lg-4 col-md-4 col-sm-12\">\r\n                <div class=\"inner\">\r\n                  <div class=\"count-outer count-box\">\r\n                    <span class=\"count-text\" data-speed=\"2500\" data-stop=\"50\">0<\/span>+                    <h4 class=\"counter-title\">marcas<\/h4>\r\n                  <\/div>\r\n                <\/div>\r\n              <\/div>\r\n                          <\/div>\r\n          <\/div>\r\n        <\/div>\r\n      <\/div>\r\n    <\/div>\r\n  <\/div>\r\n<\/section>\r\n<!-- Fun Facts Section -->\r\n\t\t<\/div>\n\t\t\t\t<\/div>\n\t\t\t\t<div class=\"elementor-element elementor-element-4b41574 elementor-widget elementor-widget-mission\" data-id=\"4b41574\" data-element_type=\"widget\" data-widget_type=\"mission.default\">\n\t\t\t\t<div class=\"elementor-widget-container\">\n\t\t\t        <!-- Missin Section -->\r\n        <section class=\"mission-section\" style=\"background-image: url(https:\/\/yasur.com.mx\/wp-content\/uploads\/2020\/06\/mission-bg.jpg);\">\r\n            <div class=\"auto-container\">\r\n                <div class=\"row no-gutters\">\r\n                                                <div class=\"colum col-lg-6 col-md-12 col-sm-12\">\r\n                                <div class=\"inner-column wow fadeInLeft\" data-wow-delay=\"0ms\" data-wow-duration=\"1500ms\">\r\n                                    <div class=\"content-box\" style=\"background-image: url(https:\/\/yasur.com.mx\/wp-content\/uploads\/2024\/06\/los-valores-de-una-empresa.jpg);\">\r\n                                        <h4>Nuestra infraestructura<\/h4>\r\n                                        <div class=\"text\"><\/div>\r\n                                    <\/div>\r\n                                    <div class=\"image-box wow fadeInLeft\" data-wow-delay=\"0ms\" data-wow-duration=\"1500ms\">\r\n                                        <figure class=\"image\"><a href=\"https:\/\/yasur.com.mx\/wp-content\/uploads\/2024\/10\/infraes.jpg\" class=\"lightbox-image\">\r\n                                                <img decoding=\"async\" src=\"https:\/\/yasur.com.mx\/wp-content\/uploads\/2024\/10\/infraes.jpg\" alt=\"Image\">\r\n                                            <\/a>\r\n                                        <\/figure>\r\n                                    <\/div>\r\n                                <\/div>\r\n                            <\/div>\r\n                                                    <div class=\"colum right-column col-lg-6 col-md-12 col-sm-12\">\r\n                                <div class=\"inner-column\">\r\n                                    <div class=\"image-box wow fadeInRight\" data-wow-delay=\"0ms\" data-wow-duration=\"1500ms\">\r\n                                        <figure class=\"image\"><a href=\"https:\/\/yasur.com.mx\/wp-content\/uploads\/2024\/06\/salucion-1.png\" class=\"lightbox-image\">\r\n                                                <img decoding=\"async\" src=\"https:\/\/yasur.com.mx\/wp-content\/uploads\/2024\/06\/salucion-1.png\" alt=\"Image\">\r\n                                            <\/a>\r\n                                        <\/figure>\r\n                                    <\/div>\r\n                                    <div class=\"content-box wow fadeInRight\" data-wow-delay=\"0ms\" data-wow-duration=\"1500ms\" style=\"background-image: url(https:\/\/yasur.com.mx\/wp-content\/uploads\/2020\/06\/logo-icon-2.png);\">\r\n                                        <h4>Una soluci\u00f3n para nuestros clientes<\/h4>\r\n                                        <div class=\"text\">Todos nuestros procesos deben ser validados y supervisados para evitar cualquier conflicto de intereses con socios de negocios y clientes, apeg\u00e1ndose siempre a nuestro c\u00f3digo de \u00e9tica.<\/div>\r\n                                    <\/div>\r\n                                <\/div>\r\n                            <\/div>\r\n                                            <\/div>\r\n            <\/div>\r\n        <\/section>\r\n\r\n\r\n\r\n\r\n\r\n        <!--End Missin Section -->\r\n        \t\t<\/div>\n\t\t\t\t<\/div>\n\t\t\t\t\t<\/div>\n\t\t<\/div>\n\t\t\t\t\t<\/div>\n\t\t<\/section>\n\t\t<div class=\"elementor-element elementor-element-9e9acb6 e-flex e-con-boxed e-con e-parent\" data-id=\"9e9acb6\" data-element_type=\"container\">\n\t\t\t\t\t<div class=\"e-con-inner\">\n\t\t\t\t<div class=\"elementor-element elementor-element-0adbc94 elementor-widget elementor-widget-power_mission\" data-id=\"0adbc94\" data-element_type=\"widget\" data-widget_type=\"power_mission.default\">\n\t\t\t\t<div class=\"elementor-widget-container\">\n\t\t\t        <!-- Missin Section -->\r\n        <section class=\"power-mission\">\r\n            <div class=\"auto-container\">\r\n                <div class=\"row clearfix\">\r\n                    <div class=\"col-lg-4 col-md-12 col-sm-12 content-column\">\r\n                        <div class=\"content-box\">\r\n                            <div class=\"sec-title\">\r\n                                <h2>Nuestros valores<\/h2>\r\n                            <\/div>\r\n                            <div class=\"text\">Todo conlleva compromiso y entrega para que las cosas sean mejor. \u201cPoner el coraz\u00f3n en nuestro trabajo<\/div>\r\n                            <div class=\"link\"><a href=\"#\"><\/a><\/div>\r\n                        <\/div>\r\n                    <\/div>\r\n                    <div class=\"col-lg-8 col-md-12 col-sm-12 inner-column\">\r\n                        <div class=\"inner-box\">\r\n                            <div class=\"row clearfix\">\r\n                                                            \r\n                                <div class=\"col-lg-6 col-md-6 col-sm-12 single-column\">\r\n                                    <div class=\"single-item wow fadeInRight\" data-wow-delay=\"00ms\" data-wow-duration=\"1500ms\">\r\n                                        <div class=\"icon-box\"><i class=\"flaticon-success\"><\/i><\/div>\r\n                                        <h4><a href=\"#\">trabajo en equipo<\/a><\/h4>\r\n                                        <div class=\"text\">es clave para el \u00e9xito del negocio buscando siempre la resoluci\u00f3n de problemas.<\/div>\r\n                                    <\/div>\r\n                                <\/div>\r\n                                                            \r\n                                <div class=\"col-lg-6 col-md-6 col-sm-12 single-column\">\r\n                                    <div class=\"single-item wow fadeInRight\" data-wow-delay=\"00ms\" data-wow-duration=\"1500ms\">\r\n                                        <div class=\"icon-box\"><i class=\"flaticon-recycle-triangle-of-three-arrows-outlines\"><\/i><\/div>\r\n                                        <h4><a href=\"#\">Trabajo limpio<\/a><\/h4>\r\n                                        <div class=\"text\">todos nuestros procesos deben ser validados y supervisados para evitar cualquier conflicto de intereses con socios de negocios y clientes, apeg\u00e1ndose siempre a nuestro c\u00f3digo de <b>\u00e9tica<\/b><\/div>\r\n                                    <\/div>\r\n                                <\/div>\r\n                                                            \r\n                                <div class=\"col-lg-6 col-md-6 col-sm-12 single-column\">\r\n                                    <div class=\"single-item wow fadeInRight\" data-wow-delay=\"00ms\" data-wow-duration=\"1500ms\">\r\n                                        <div class=\"icon-box\"><i class=\"flaticon-worldwide\"><\/i><\/div>\r\n                                        <h4><a href=\"#\">Cuidado del medio ambiente<\/a><\/h4>\r\n                                        <div class=\"text\">nos preocupamos por el impacto que hacemos al medio ambiente por lo que la optimizaci\u00f3n de recursos es primordial en todos los procesos.<\/div>\r\n                                    <\/div>\r\n                                <\/div>\r\n                                                            \r\n                                <div class=\"col-lg-6 col-md-6 col-sm-12 single-column\">\r\n                                    <div class=\"single-item wow fadeInRight\" data-wow-delay=\"00ms\" data-wow-duration=\"1500ms\">\r\n                                        <div class=\"icon-box\"><i class=\"flaticon-user-1\"><\/i><\/div>\r\n                                        <h4><a href=\"#\">Mejoramiento de nuestra comunidad, <\/a><\/h4>\r\n                                        <div class=\"text\">nuestra filosof\u00eda es dejar un mundo mejor, por lo que siempre debemos de hacer un impacto positivo en las comunidades en las que trabajamos.<\/div>\r\n                                    <\/div>\r\n                                <\/div>\r\n                                                        <\/div>\r\n                        <\/div>\r\n                    <\/div>\r\n                <\/div>\r\n            <\/div>\r\n        <\/section>\r\n\r\n        <!--End Missin Section -->\r\n        \t\t<\/div>\n\t\t\t\t<\/div>\n\t\t\t\t\t<\/div>\n\t\t\t\t<\/div>\n\t\t\t\t<\/div>\n\t\t","protected":false},"excerpt":{"rendered":"<p>NUESTRA HISTORIA YASUR fue fundada el 2 de octubre del 2017 con el objetivo principal de brindar una soluci\u00f3n integral al abastecimiento de insumos de EUA y el mundo para M\u00e9xico. Actualmente nos hemos especializado en refacciones para equipo pesado, herramienta industrial especializada, herramienta de ferreter\u00eda manual y de poder, acumuladores, sensores y material el\u00e9ctrico [&hellip;]<\/p>\n","protected":false},"author":1,"featured_media":0,"parent":0,"menu_order":0,"comment_status":"closed","ping_status":"closed","template":"","meta":{"footnotes":""},"class_list":["post-2789","page","type-page","status-publish","hentry"],"_links":{"self":[{"href":"https:\/\/yasur.com.mx\/index.php\/wp-json\/wp\/v2\/pages\/2789","targetHints":{"allow":["GET"]}}],"collection":[{"href":"https:\/\/yasur.com.mx\/index.php\/wp-json\/wp\/v2\/pages"}],"about":[{"href":"https:\/\/yasur.com.mx\/index.php\/wp-json\/wp\/v2\/types\/page"}],"author":[{"embeddable":true,"href":"https:\/\/yasur.com.mx\/index.php\/wp-json\/wp\/v2\/users\/1"}],"replies":[{"embeddable":true,"href":"https:\/\/yasur.com.mx\/index.php\/wp-json\/wp\/v2\/comments?post=2789"}],"version-history":[{"count":72,"href":"https:\/\/yasur.com.mx\/index.php\/wp-json\/wp\/v2\/pages\/2789\/revisions"}],"predecessor-version":[{"id":3269,"href":"https:\/\/yasur.com.mx\/index.php\/wp-json\/wp\/v2\/pages\/2789\/revisions\/3269"}],"wp:attachment":[{"href":"https:\/\/yasur.com.mx\/index.php\/wp-json\/wp\/v2\/media?parent=2789"}],"curies":[{"name":"wp","href":"https:\/\/api.w.org\/{rel}","templated":true}]}}